{"id":2,"date":"2025-05-15T10:19:06","date_gmt":"2025-05-15T10:19:06","guid":{"rendered":"https:\/\/apophenic.at\/?page_id=2"},"modified":"2025-05-22T08:17:56","modified_gmt":"2025-05-22T08:17:56","slug":"band","status":"publish","type":"page","link":"https:\/\/apophenic.at\/index.php\/band\/","title":{"rendered":"Band"},"content":{"rendered":"\n<h2 class=\"wp-block-heading\">Andr\u00e1s Bodi<\/h2>\n\n\n\n<h4 class=\"wp-block-heading\">Bariton und Tenor Saxophon<\/h4>\n\n\n\n<figure class=\"wp-block-image size-full\"><img loading=\"lazy\" decoding=\"async\" width=\"340\" height=\"340\" src=\"https:\/\/apophenic.at\/wp-content\/uploads\/2025\/05\/ab.jpg\" alt=\"\" class=\"wp-image-13\" srcset=\"https:\/\/apophenic.at\/wp-content\/uploads\/2025\/05\/ab.jpg 340w, https:\/\/apophenic.at\/wp-content\/uploads\/2025\/05\/ab-300x300.jpg 300w, https:\/\/apophenic.at\/wp-content\/uploads\/2025\/05\/ab-150x150.jpg 150w, https:\/\/apophenic.at\/wp-content\/uploads\/2025\/05\/ab-70x70.jpg 70w, https:\/\/apophenic.at\/wp-content\/uploads\/2025\/05\/ab-80x80.jpg 80w\" sizes=\"auto, (max-width: 340px) 100vw, 340px\" \/><\/figure>\n\n\n\n<p>Fand schon in fr\u00fcher Kindheit heraus, dass er seine Liebe zur Musik mit der Blockfl\u00f6te nicht ad\u00e4quat umsetzen konnte. Da er diesbez\u00fcglich auch keine Vorbilder fand, widmete er sich einer soliden Ausbildung als Klarinettist. Nachdem der Frust \u00fcber die Erkenntnis, dass nur \u00dcbung den Meister macht, \u00fcberwunden war, wechselte er zum Tenor Saxophon. Jetzt war alles beisammen: Cooler Sound (zumindest cooler als Blockfl\u00f6te), zahllose Vorbilder, denen man nacheifern kann (aber nie erreichen wird) und die Freude am \u00dcben (zumindest meistens). Die Liebe zu den Holzblasinstrumenten wurde mit weiteren Instrumenten erweitert, wie dem Bariton und Sopran Sax, oder auch den fast unbekannten Bass- und Alt Taragot.<\/p>\n\n\n\n<h2 class=\"wp-block-heading\">Gottfried Halamiczek<\/h2>\n\n\n\n<h4 class=\"wp-block-heading\">Gitarre<\/h4>\n\n\n\n<figure class=\"wp-block-image size-full\"><img loading=\"lazy\" decoding=\"async\" width=\"340\" height=\"340\" src=\"https:\/\/apophenic.at\/wp-content\/uploads\/2025\/05\/gh.jpg\" alt=\"\" class=\"wp-image-16\" srcset=\"https:\/\/apophenic.at\/wp-content\/uploads\/2025\/05\/gh.jpg 340w, https:\/\/apophenic.at\/wp-content\/uploads\/2025\/05\/gh-300x300.jpg 300w, https:\/\/apophenic.at\/wp-content\/uploads\/2025\/05\/gh-150x150.jpg 150w, https:\/\/apophenic.at\/wp-content\/uploads\/2025\/05\/gh-70x70.jpg 70w, https:\/\/apophenic.at\/wp-content\/uploads\/2025\/05\/gh-80x80.jpg 80w\" sizes=\"auto, (max-width: 340px) 100vw, 340px\" \/><\/figure>\n\n\n\n<p>Kindheit: Akkordeon, Noten lesen lernen.<br>Jugend: Pause, sp\u00e4ter Ausbildung klassische Gitarre.<br>Fr\u00fche Studienjahre: Umschulung zur Jazz Musik, ehe Gitarre l\u00e4nger verr\u00e4umt wird.<br>Hat nach Jahren der Vernachl\u00e4ssigung seine Liebe zur jazzig souligen Gitarre neu entdeckt. Immer aufgeschlossen mit jazzig\/funkigen Sounds, die durchaus auch mal ordentlich verzerrt sein d\u00fcrfen, das Klangspektrum der Band zu erweitern, spielt er mit h\u00f6rbarem Enthusiasmus in der apoph\u00e4nischen Formation.<\/p>\n\n\n\n<h2 class=\"wp-block-heading\">Stefan Juren<\/h2>\n\n\n\n<h4 class=\"wp-block-heading\">Bass<\/h4>\n\n\n\n<figure class=\"wp-block-image size-full\"><img loading=\"lazy\" decoding=\"async\" width=\"340\" height=\"340\" src=\"https:\/\/apophenic.at\/wp-content\/uploads\/2025\/05\/sj.jpg\" alt=\"\" class=\"wp-image-17\" srcset=\"https:\/\/apophenic.at\/wp-content\/uploads\/2025\/05\/sj.jpg 340w, https:\/\/apophenic.at\/wp-content\/uploads\/2025\/05\/sj-300x300.jpg 300w, https:\/\/apophenic.at\/wp-content\/uploads\/2025\/05\/sj-150x150.jpg 150w, https:\/\/apophenic.at\/wp-content\/uploads\/2025\/05\/sj-70x70.jpg 70w, https:\/\/apophenic.at\/wp-content\/uploads\/2025\/05\/sj-80x80.jpg 80w\" sizes=\"auto, (max-width: 340px) 100vw, 340px\" \/><\/figure>\n\n\n\n<p>Seit 1985 intensive Beziehung zu Bassinstrumenten. Nach fruchtlosen Jahren als Autodidakt und zahlreichen Organstrafverf\u00fcgungen wegen ungeb\u00fchrlicher L\u00e4rmerregung stie\u00df er Mitte der 90er zur Musikschule Gumpoldskirchen, wo ihn Hr. Direktor Guru Tieber pers\u00f6nlich unter seine Fittiche nahm und &#8211; mit viel Geduld und pointierten Kommentaren &#8211; seine musikalische Entwicklung und Begabung vorantrieb. Und so entstand \u00fcber die Jahre aus einem talent- und beratungsresistenten Terroristen ein musikverliebter Verfechter der tiefen T\u00f6ne.<\/p>\n\n\n\n<h2 class=\"wp-block-heading\">Dieter Laslov<\/h2>\n\n\n\n<h4 class=\"wp-block-heading\">Keyboard<\/h4>\n\n\n\n<figure class=\"wp-block-image size-full\"><img loading=\"lazy\" decoding=\"async\" width=\"340\" height=\"340\" src=\"https:\/\/apophenic.at\/wp-content\/uploads\/2025\/05\/dl.jpg\" alt=\"\" class=\"wp-image-14\" srcset=\"https:\/\/apophenic.at\/wp-content\/uploads\/2025\/05\/dl.jpg 340w, https:\/\/apophenic.at\/wp-content\/uploads\/2025\/05\/dl-300x300.jpg 300w, https:\/\/apophenic.at\/wp-content\/uploads\/2025\/05\/dl-150x150.jpg 150w, https:\/\/apophenic.at\/wp-content\/uploads\/2025\/05\/dl-70x70.jpg 70w, https:\/\/apophenic.at\/wp-content\/uploads\/2025\/05\/dl-80x80.jpg 80w\" sizes=\"auto, (max-width: 340px) 100vw, 340px\" \/><\/figure>\n\n\n\n<p>Verglichen mit anderen hochbegabten Bandmitgliedern mit 17 ein zum Klavier Sp\u00e4tberufener. Nach urspr\u00fcnglich gro\u00dfem Enthusiasmus f\u00fcr die sogenannte Klassik, insbesondere den Herrn Bach, erste Jazz-Gehversuche mit 25. Seither in verschiedenen Formationen (Freejazz bis Kommerz) verschiedener Gr\u00f6\u00dfe (Trio bis Big Band) aktiv. Von Anfang an auch gro\u00dfe Begeisterung f\u00fcr Improvisationen aller Art. Heimliche Liebe: Das Komponieren!<\/p>\n\n\n\n<h2 class=\"wp-block-heading\">Gernot Butschek<\/h2>\n\n\n\n<h4 class=\"wp-block-heading\">Schlagzeug<\/h4>\n\n\n\n<figure class=\"wp-block-image size-full\"><img loading=\"lazy\" decoding=\"async\" width=\"340\" height=\"340\" src=\"https:\/\/apophenic.at\/wp-content\/uploads\/2025\/05\/gb.jpg\" alt=\"\" class=\"wp-image-15\" srcset=\"https:\/\/apophenic.at\/wp-content\/uploads\/2025\/05\/gb.jpg 340w, https:\/\/apophenic.at\/wp-content\/uploads\/2025\/05\/gb-300x300.jpg 300w, https:\/\/apophenic.at\/wp-content\/uploads\/2025\/05\/gb-150x150.jpg 150w, https:\/\/apophenic.at\/wp-content\/uploads\/2025\/05\/gb-70x70.jpg 70w, https:\/\/apophenic.at\/wp-content\/uploads\/2025\/05\/gb-80x80.jpg 80w\" sizes=\"auto, (max-width: 340px) 100vw, 340px\" \/><\/figure>\n\n\n\n<p>Wurde mit acht Jahren zum Klavierspiel gen\u00f6tigt. Besuchte unter Tr\u00e4nen so manche Klavierstunde, bis die Eltern ein Einsehen hatten. Entdeckte mit 13 Jahren das Schlagzeug. Besuchte f\u00fcnf Jahre lang die Schlagwerk Klasse am Konservatorium der Stadt Wien. Autodidakt am Rock- und Jazzschlagzeug.<br>1985 bis 1988: Schlagzeuger der Band\u00a0<a href=\"http:\/\/www.die-brueder.at\/\">Die Br\u00fcder<\/a> (Musik der Br\u00fcder auf <a href=\"https:\/\/open.spotify.com\/intl-de\/artist\/60d3JA3f4RfdsjIXih8rns?si=83UzQJPKTz-t222AyHTMag\">Spotify<\/a>).<\/p>\n\n\n\n<p><\/p>\n","protected":false},"excerpt":{"rendered":"<p>Andr\u00e1s Bodi Bariton und Tenor Saxophon Fand schon in fr\u00fcher Kindheit heraus, dass er seine Liebe zur Musik mit der Blockfl\u00f6te nicht ad\u00e4quat umsetzen konnte. Da er diesbez\u00fcglich auch keine<\/p>\n<p class=\"more-link\"><a href=\"https:\/\/apophenic.at\/index.php\/band\/\" class=\"readmore\">Continue reading<span class=\"screen-reader-text\">Band<\/span><\/a><\/p>\n","protected":false},"author":1,"featured_media":19,"parent":0,"menu_order":0,"comment_status":"closed","ping_status":"open","template":"","meta":{"footnotes":""},"class_list":["post-2","page","type-page","status-publish","has-post-thumbnail","hentry"],"_links":{"self":[{"href":"https:\/\/apophenic.at\/index.php\/wp-json\/wp\/v2\/pages\/2","targetHints":{"allow":["GET"]}}],"collection":[{"href":"https:\/\/apophenic.at\/index.php\/wp-json\/wp\/v2\/pages"}],"about":[{"href":"https:\/\/apophenic.at\/index.php\/wp-json\/wp\/v2\/types\/page"}],"author":[{"embeddable":true,"href":"https:\/\/apophenic.at\/index.php\/wp-json\/wp\/v2\/users\/1"}],"replies":[{"embeddable":true,"href":"https:\/\/apophenic.at\/index.php\/wp-json\/wp\/v2\/comments?post=2"}],"version-history":[{"count":4,"href":"https:\/\/apophenic.at\/index.php\/wp-json\/wp\/v2\/pages\/2\/revisions"}],"predecessor-version":[{"id":217,"href":"https:\/\/apophenic.at\/index.php\/wp-json\/wp\/v2\/pages\/2\/revisions\/217"}],"wp:featuredmedia":[{"embeddable":true,"href":"https:\/\/apophenic.at\/index.php\/wp-json\/wp\/v2\/media\/19"}],"wp:attachment":[{"href":"https:\/\/apophenic.at\/index.php\/wp-json\/wp\/v2\/media?parent=2"}],"curies":[{"name":"wp","href":"https:\/\/api.w.org\/{rel}","templated":true}]}}